{"id":8916,"date":"2025-04-10T15:55:15","date_gmt":"2025-04-10T13:55:15","guid":{"rendered":"https:\/\/royalcargo.csakacel.hu\/hazardous-waste-transport\/"},"modified":"2025-07-11T19:49:52","modified_gmt":"2025-07-11T17:49:52","slug":"hazardous-waste-transport","status":"publish","type":"page","link":"https:\/\/royalcargo.csakacel.hu\/en\/special-deliveries\/hazardous-waste-transport\/","title":{"rendered":"Hazardous Waste Transport"},"content":{"rendered":"\t\t<div data-elementor-type=\"wp-page\" data-elementor-id=\"8916\" class=\"elementor elementor-8916 elementor-8151\">\n\t\t\t\t\t\t<section class=\"elementor-section elementor-top-section elementor-element elementor-element-67b98a1 qodef-elementor-content-grid elementor-section-boxed elementor-section-height-default elementor-section-height-default\" data-id=\"67b98a1\" data-element_type=\"section\">\n\t\t\t\t\t\t<div class=\"elementor-container elementor-column-gap-default\">\n\t\t\t\t\t<div class=\"elementor-column elementor-col-100 elementor-top-column elementor-element elementor-element-5c1d946\" data-id=\"5c1d946\" data-element_type=\"column\">\n\t\t\t<div class=\"elementor-widget-wrap elementor-element-populated\">\n\t\t\t\t\t\t<div class=\"elementor-element elementor-element-1ce77b4 elementor-widget-tablet__width-inherit elementor-widget elementor-widget-globefarer_core_section_title\" data-id=\"1ce77b4\" data-element_type=\"widget\" data-widget_type=\"globefarer_core_section_title.default\">\n\t\t\t\t<div class=\"elementor-widget-container\">\n\t\t\t\t\t<div class=\"qodef-shortcode qodef-m  qodef-section-title qodef-alignment--left   qodef-appear-animation--no\">\n\t\t\t<h1 class=\"qodef-m-title\" style=\"color: #000000\">\n\t\t\t\t\tVesz\u00e9lyes hullad\u00e9k sz\u00e1ll\u00edt\u00e1s szak\u00e9rt\u0151i h\u00e1tt\u00e9rrel\t\t\t<\/h1>\n\t\t<\/div>\n\t\t\t\t<\/div>\n\t\t\t\t<\/div>\n\t\t\t\t\t<\/div>\n\t\t<\/div>\n\t\t\t\t\t<\/div>\n\t\t<\/section>\n\t\t\t\t<section class=\"elementor-section elementor-top-section elementor-element elementor-element-7737773 qodef-elementor-content-grid elementor-section-boxed elementor-section-height-default elementor-section-height-default\" data-id=\"7737773\" data-element_type=\"section\">\n\t\t\t\t\t\t<div class=\"elementor-container elementor-column-gap-default\">\n\t\t\t\t\t<div class=\"elementor-column elementor-col-50 elementor-top-column elementor-element elementor-element-430db11\" data-id=\"430db11\" data-element_type=\"column\" data-settings=\"{&quot;background_background&quot;:&quot;classic&quot;}\">\n\t\t\t<div class=\"elementor-widget-wrap elementor-element-populated\">\n\t\t\t\t\t\t<div class=\"elementor-element elementor-element-2cbae5c elementor-widget elementor-widget-text-editor\" data-id=\"2cbae5c\" data-element_type=\"widget\" data-widget_type=\"text-editor.default\">\n\t\t\t\t<div class=\"elementor-widget-container\">\n\t\t\t\t\t\t\t\t\t<p>Licensed solutions for industrial, medical, and other hazardous materials.<\/p><ul><li>Royal Cargo carries out hazardous waste transport with full authorization.<\/li><li>We work with special vehicles in compliance with strict regulations.<\/li><li>We support our clients in preparing the necessary documentation and packaging.<\/li><\/ul>\t\t\t\t\t\t\t\t<\/div>\n\t\t\t\t<\/div>\n\t\t\t\t\t<\/div>\n\t\t<\/div>\n\t\t\t\t<div class=\"elementor-column elementor-col-50 elementor-top-column elementor-element elementor-element-c3fece1\" data-id=\"c3fece1\" data-element_type=\"column\">\n\t\t\t<div class=\"elementor-widget-wrap elementor-element-populated\">\n\t\t\t\t\t\t<div class=\"elementor-element elementor-element-342441a elementor-widget__width-initial elementor-widget-tablet__width-inherit elementor-widget elementor-widget-globefarer_core_call_to_action\" data-id=\"342441a\" data-element_type=\"widget\" data-widget_type=\"globefarer_core_call_to_action.default\">\n\t\t\t\t<div class=\"elementor-widget-container\">\n\t\t\t\t\t<div class=\"qodef-shortcode qodef-m  qodef-call-to-action qodef-layout--standard qodef-appear-animation--yes\">\n\t<div class=\"qodef-m-content\">\n    <div class=\"qodef-m-content-mask\">\n        \t<h6 class=\"qodef-m-tagline\">\n\t\t24\/7 Customer Service\t<\/h6>\n\t<h3 class=\"qodef-m-title\">\n\t\tTrack your shipment \u2013 enter your tracking number\t<\/h3>\n    <\/div>\n<\/div>\n<div class=\"qodef-m-button-mask\">\n    \t<a class=\"qodef-shortcode qodef-m qodef-m-button qodef-button qodef-layout--filled  qodef-html--link\" href=\"#\" target=\"_self\"  >\t\t\t<span class=\"qodef-m-button-icon\"><svg class=\"qodef-svg--plus\" xmlns=\"http:\/\/www.w3.org\/2000\/svg\" xmlns:xlink=\"http:\/\/www.w3.org\/1999\/xlink\" width=\"14\" height=\"14\" viewBox=\"0 0 14 14\"><path class=\"qodef-m-horizontal\" d=\"M0,0H14V2H0Z\" transform=\"translate(0 6)\" \/><path class=\"qodef-m-vertical\" d=\"M0,0H2V14H0Z\" transform=\"translate(6)\" \/><\/svg><\/span>\t\t\t\t<span class=\"qodef-m-button-text\">Track Shipment<\/span>\t<\/a><\/div>\n<\/div>\n\t\t\t\t<\/div>\n\t\t\t\t<\/div>\n\t\t\t\t\t<\/div>\n\t\t<\/div>\n\t\t\t\t\t<\/div>\n\t\t<\/section>\n\t\t\t\t<section class=\"elementor-section elementor-top-section elementor-element elementor-element-1cb8458 qodef-elementor-content-grid elementor-section-boxed elementor-section-height-default elementor-section-height-default\" data-id=\"1cb8458\" data-element_type=\"section\">\n\t\t\t\t\t\t<div class=\"elementor-container elementor-column-gap-default\">\n\t\t\t\t\t<div class=\"elementor-column elementor-col-50 elementor-top-column elementor-element elementor-element-aef3d3a\" data-id=\"aef3d3a\" data-element_type=\"column\">\n\t\t\t<div class=\"elementor-widget-wrap elementor-element-populated\">\n\t\t\t\t\t\t<div class=\"elementor-element elementor-element-4cfe982 elementor-widget elementor-widget-image\" data-id=\"4cfe982\" data-element_type=\"widget\" data-widget_type=\"image.default\">\n\t\t\t\t<div class=\"elementor-widget-container\">\n\t\t\t\t\t\t\t\t\t\t\t\t\t\t\t<img fetchpriority=\"high\" decoding=\"async\" width=\"1000\" height=\"739\" src=\"https:\/\/royalcargo.csakacel.hu\/wp-content\/uploads\/2025\/06\/veszelyes-hulladek-szallitas.jpg\" class=\"attachment-large size-large wp-image-8546\" alt=\"Vesz\u00e9lyes hullad\u00e9k sz\u00e1ll\u00edt\u00e1s\" srcset=\"https:\/\/royalcargo.csakacel.hu\/wp-content\/uploads\/2025\/06\/veszelyes-hulladek-szallitas.jpg 1000w, https:\/\/royalcargo.csakacel.hu\/wp-content\/uploads\/2025\/06\/veszelyes-hulladek-szallitas-300x222.jpg 300w, https:\/\/royalcargo.csakacel.hu\/wp-content\/uploads\/2025\/06\/veszelyes-hulladek-szallitas-768x568.jpg 768w\" sizes=\"(max-width: 1000px) 100vw, 1000px\" \/>\t\t\t\t\t\t\t\t\t\t\t\t\t\t\t<\/div>\n\t\t\t\t<\/div>\n\t\t\t\t\t<\/div>\n\t\t<\/div>\n\t\t\t\t<div class=\"elementor-column elementor-col-50 elementor-top-column elementor-element elementor-element-ea75300\" data-id=\"ea75300\" data-element_type=\"column\">\n\t\t\t<div class=\"elementor-widget-wrap elementor-element-populated\">\n\t\t\t\t\t\t<div class=\"elementor-element elementor-element-6e7e52f elementor-widget-tablet__width-inherit elementor-widget elementor-widget-globefarer_core_section_title\" data-id=\"6e7e52f\" data-element_type=\"widget\" data-widget_type=\"globefarer_core_section_title.default\">\n\t\t\t\t<div class=\"elementor-widget-container\">\n\t\t\t\t\t<div class=\"qodef-shortcode qodef-m  qodef-section-title qodef-alignment--left   qodef-appear-animation--no\">\n\t\t\t<h2 class=\"qodef-m-title\" >\n\t\t\t\t\tFull legal compliance - documented security\t\t\t<\/h2>\n\t\t<\/div>\n\t\t\t\t<\/div>\n\t\t\t\t<\/div>\n\t\t\t\t<div class=\"elementor-element elementor-element-7e4006e elementor-widget elementor-widget-text-editor\" data-id=\"7e4006e\" data-element_type=\"widget\" data-widget_type=\"text-editor.default\">\n\t\t\t\t<div class=\"elementor-widget-container\">\n\t\t\t\t\t\t\t\t\t<p>We operate in accordance with official permits and environmental regulations<\/p><p>We have all the necessary documents and insurance for the transport of hazardous waste<\/p><p>ISO<\/p>\t\t\t\t\t\t\t\t<\/div>\n\t\t\t\t<\/div>\n\t\t\t\t\t<\/div>\n\t\t<\/div>\n\t\t\t\t\t<\/div>\n\t\t<\/section>\n\t\t\t\t<section class=\"elementor-section elementor-top-section elementor-element elementor-element-970c67c qodef-elementor-content-grid elementor-section-boxed elementor-section-height-default elementor-section-height-default\" data-id=\"970c67c\" data-element_type=\"section\">\n\t\t\t\t\t\t<div class=\"elementor-container elementor-column-gap-default\">\n\t\t\t\t\t<div class=\"elementor-column elementor-col-50 elementor-top-column elementor-element elementor-element-a0d8b3e\" data-id=\"a0d8b3e\" data-element_type=\"column\">\n\t\t\t<div class=\"elementor-widget-wrap elementor-element-populated\">\n\t\t\t\t\t\t<div class=\"elementor-element elementor-element-e972da1 elementor-widget-tablet__width-inherit elementor-widget elementor-widget-globefarer_core_section_title\" data-id=\"e972da1\" data-element_type=\"widget\" data-widget_type=\"globefarer_core_section_title.default\">\n\t\t\t\t<div class=\"elementor-widget-container\">\n\t\t\t\t\t<div class=\"qodef-shortcode qodef-m  qodef-section-title qodef-alignment--left   qodef-appear-animation--no\">\n\t\t\t<h2 class=\"qodef-m-title\" >\n\t\t\t\t\tMaximum safety \u2013 the only fully ADR-compliant partner\t\t\t<\/h2>\n\t\t<\/div>\n\t\t\t\t<\/div>\n\t\t\t\t<\/div>\n\t\t\t\t<div class=\"elementor-element elementor-element-80990ca elementor-widget elementor-widget-text-editor\" data-id=\"80990ca\" data-element_type=\"widget\" data-widget_type=\"text-editor.default\">\n\t\t\t\t<div class=\"elementor-widget-container\">\n\t\t\t\t\t\t\t\t\t<p data-start=\"155\" data-end=\"573\">Our ADR-certified vehicle fleet with thermally and chemically insulated containers, multipoint securing technology, and leak detection systems ensures that hazardous materials are protected both legally and physically during transport. Our drivers and loaders undergo annual renewed ADR, occupational safety, and environmental training, so you can be confident in the professionalism of the process and regulatory compliance. <\/p>\t\t\t\t\t\t\t\t<\/div>\n\t\t\t\t<\/div>\n\t\t\t\t\t<\/div>\n\t\t<\/div>\n\t\t\t\t<div class=\"elementor-column elementor-col-50 elementor-top-column elementor-element elementor-element-0c069df\" data-id=\"0c069df\" data-element_type=\"column\">\n\t\t\t<div class=\"elementor-widget-wrap elementor-element-populated\">\n\t\t\t\t\t\t<div class=\"elementor-element elementor-element-a6f438b elementor-widget-tablet__width-inherit elementor-widget elementor-widget-globefarer_core_section_title\" data-id=\"a6f438b\" data-element_type=\"widget\" data-widget_type=\"globefarer_core_section_title.default\">\n\t\t\t\t<div class=\"elementor-widget-container\">\n\t\t\t\t\t<div class=\"qodef-shortcode qodef-m  qodef-section-title qodef-alignment--left   qodef-appear-animation--no\">\n\t\t\t<h3 class=\"qodef-m-title\" >\n\t\t\t\t\tWhat do we transport?\t\t\t<\/h3>\n\t\t<\/div>\n\t\t\t\t<\/div>\n\t\t\t\t<\/div>\n\t\t\t\t<div class=\"elementor-element elementor-element-62c8751 elementor-widget elementor-widget-text-editor\" data-id=\"62c8751\" data-element_type=\"widget\" data-widget_type=\"text-editor.default\">\n\t\t\t\t<div class=\"elementor-widget-container\">\n\t\t\t\t\t\t\t\t\t<ul><li data-start=\"599\" data-end=\"635\">Chemical substances and reagent residues<\/li><li data-start=\"599\" data-end=\"635\">Industrial by-products and hazardous wastewater sludge<\/li><li data-start=\"599\" data-end=\"635\">Batteries, acidic and alkaline waste<\/li><li data-start=\"599\" data-end=\"635\">Paints, inks, solvents, thinners<\/li><li data-start=\"599\" data-end=\"635\">(If required) Infectious, medical waste<\/li><\/ul><p data-start=\"832\" data-end=\"959\" data-is-last-node=\"\" data-is-only-node=\"\"><em data-start=\"832\" data-end=\"959\" data-is-last-node=\"\">This list is not exhaustive; request a quote and we\u2019ll get back to you within 24 hours about how we can collect your special waste.<\/em><\/p>\t\t\t\t\t\t\t\t<\/div>\n\t\t\t\t<\/div>\n\t\t\t\t\t<\/div>\n\t\t<\/div>\n\t\t\t\t\t<\/div>\n\t\t<\/section>\n\t\t\t\t<section class=\"elementor-section elementor-top-section elementor-element elementor-element-b9ff93a qodef-elementor-content-grid elementor-section-boxed elementor-section-height-default elementor-section-height-default\" data-id=\"b9ff93a\" data-element_type=\"section\">\n\t\t\t\t\t\t<div class=\"elementor-container elementor-column-gap-default\">\n\t\t\t\t\t<div class=\"elementor-column elementor-col-100 elementor-top-column elementor-element elementor-element-dd93a78\" data-id=\"dd93a78\" data-element_type=\"column\">\n\t\t\t<div class=\"elementor-widget-wrap elementor-element-populated\">\n\t\t\t\t\t\t<div class=\"elementor-element elementor-element-f4252cf elementor-widget-tablet__width-inherit elementor-widget elementor-widget-globefarer_core_section_title\" data-id=\"f4252cf\" data-element_type=\"widget\" data-widget_type=\"globefarer_core_section_title.default\">\n\t\t\t\t<div class=\"elementor-widget-container\">\n\t\t\t\t\t<div class=\"qodef-shortcode qodef-m  qodef-section-title qodef-alignment--left   qodef-appear-animation--no\">\n\t\t\t<h3 class=\"qodef-m-title\" >\n\t\t\t\t\tWhy choose Royal Cargo?\t\t\t<\/h3>\n\t\t<\/div>\n\t\t\t\t<\/div>\n\t\t\t\t<\/div>\n\t\t\t\t\t<\/div>\n\t\t<\/div>\n\t\t\t\t\t<\/div>\n\t\t<\/section>\n\t\t\t\t<section class=\"elementor-section elementor-top-section elementor-element elementor-element-e505391 elementor-section-full_width qodef-elementor-content-grid elementor-section-height-default elementor-section-height-default\" data-id=\"e505391\" data-element_type=\"section\" data-settings=\"{&quot;background_background&quot;:&quot;classic&quot;}\">\n\t\t\t\t\t\t<div class=\"elementor-container elementor-column-gap-no\">\n\t\t\t\t\t<div class=\"elementor-column elementor-col-33 elementor-top-column elementor-element elementor-element-ff68969\" data-id=\"ff68969\" data-element_type=\"column\">\n\t\t\t<div class=\"elementor-widget-wrap elementor-element-populated\">\n\t\t\t\t\t\t<div class=\"elementor-element elementor-element-924ceef elementor-widget elementor-widget-globefarer_core_icon_with_text\" data-id=\"924ceef\" data-element_type=\"widget\" data-widget_type=\"globefarer_core_icon_with_text.default\">\n\t\t\t\t<div class=\"elementor-widget-container\">\n\t\t\t\t\t<div class=\"qodef-shortcode qodef-m  qodef-icon-with-text qodef-layout--top qodef--icon-pack  qodef-alignment--center\">\n\t<div class=\"qodef-m-icon-wrapper\">\n\t\t<span class=\"qodef-shortcode qodef-m  qodef-icon-holder qodef-size--medium qodef-layout--circle\"  >\t\t\t<span class=\"qodef-icon-font-awesome fa fa-chart-area qodef-icon qodef-e\" style=\"\" ><\/span>\t<\/span>\t<\/div>\n\t<div class=\"qodef-m-content\">\n\t\t\t<h4 class=\"qodef-m-title\" >\n\t\t\t\t\t<span class=\"qodef-m-title-text\">Decades of industrial experience<\/span>\n\t\t\t<\/h4>\n\t\t\t<p class=\"qodef-m-text\" style=\"margin-top: 18px\">From large-volume manufacturing projects to custom investments, our expertise and precision have been proven in handling numerous hazardous waste transport projects.<\/p>\n\t<\/div>\n<\/div>\n\t\t\t\t<\/div>\n\t\t\t\t<\/div>\n\t\t\t\t\t<\/div>\n\t\t<\/div>\n\t\t\t\t<div class=\"elementor-column elementor-col-33 elementor-top-column elementor-element elementor-element-6307073\" data-id=\"6307073\" data-element_type=\"column\">\n\t\t\t<div class=\"elementor-widget-wrap elementor-element-populated\">\n\t\t\t\t\t\t<div class=\"elementor-element elementor-element-50ffc7a elementor-widget elementor-widget-globefarer_core_icon_with_text\" data-id=\"50ffc7a\" data-element_type=\"widget\" data-widget_type=\"globefarer_core_icon_with_text.default\">\n\t\t\t\t<div class=\"elementor-widget-container\">\n\t\t\t\t\t<div class=\"qodef-shortcode qodef-m  qodef-icon-with-text qodef-layout--top qodef--icon-pack  qodef-alignment--center\">\n\t<div class=\"qodef-m-icon-wrapper\">\n\t\t<span class=\"qodef-shortcode qodef-m  qodef-icon-holder qodef-size--medium qodef-layout--circle\"  >\t\t\t<span class=\"qodef-icon-font-awesome fa fa-truck-arrow-right qodef-icon qodef-e\" style=\"\" ><\/span>\t<\/span>\t<\/div>\n\t<div class=\"qodef-m-content\">\n\t\t\t<h4 class=\"qodef-m-title\" >\n\t\t\t\t\t<span class=\"qodef-m-title-text\">Flexible, nationwide coverage<\/span>\n\t\t\t<\/h4>\n\t\t\t<p class=\"qodef-m-text\" style=\"margin-top: 18px\">Our own ADR-certified fleet and regionally accessible collection capacity allow us to respond quickly to urgent or regular needs \u2013 anywhere in the country.<\/p>\n\t<\/div>\n<\/div>\n\t\t\t\t<\/div>\n\t\t\t\t<\/div>\n\t\t\t\t\t<\/div>\n\t\t<\/div>\n\t\t\t\t<div class=\"elementor-column elementor-col-33 elementor-top-column elementor-element elementor-element-bbed2de\" data-id=\"bbed2de\" data-element_type=\"column\">\n\t\t\t<div class=\"elementor-widget-wrap elementor-element-populated\">\n\t\t\t\t\t\t<div class=\"elementor-element elementor-element-9e5c274 elementor-widget elementor-widget-globefarer_core_icon_with_text\" data-id=\"9e5c274\" data-element_type=\"widget\" data-widget_type=\"globefarer_core_icon_with_text.default\">\n\t\t\t\t<div class=\"elementor-widget-container\">\n\t\t\t\t\t<div class=\"qodef-shortcode qodef-m  qodef-icon-with-text qodef-layout--top qodef--icon-pack  qodef-alignment--center\">\n\t<div class=\"qodef-m-icon-wrapper\">\n\t\t<span class=\"qodef-shortcode qodef-m  qodef-icon-holder qodef-size--medium qodef-layout--circle\"  >\t\t\t<span class=\"qodef-icon-font-awesome fa fa-square-pen qodef-icon qodef-e\" style=\"\" ><\/span>\t<\/span>\t<\/div>\n\t<div class=\"qodef-m-content\">\n\t\t\t<h4 class=\"qodef-m-title\" >\n\t\t\t\t\t<span class=\"qodef-m-title-text\">Reliability and full legal compliance<\/span>\n\t\t\t<\/h4>\n\t\t\t<p class=\"qodef-m-text\" style=\"margin-top: 18px\">Our waste management permits, processes compliant with strict ADR regulations, and digital documentation guarantee safety for you and the environment, as well as smooth regulatory inspections.<\/p>\n\t<\/div>\n<\/div>\n\t\t\t\t<\/div>\n\t\t\t\t<\/div>\n\t\t\t\t\t<\/div>\n\t\t<\/div>\n\t\t\t\t\t<\/div>\n\t\t<\/section>\n\t\t\t\t<section class=\"elementor-section elementor-top-section elementor-element elementor-element-cb9c20b elementor-section-full_width qodef-elementor-content-grid elementor-section-height-default elementor-section-height-default\" data-id=\"cb9c20b\" data-element_type=\"section\">\n\t\t\t\t\t\t<div class=\"elementor-container elementor-column-gap-no\">\n\t\t\t\t\t<div class=\"elementor-column elementor-col-50 elementor-top-column elementor-element elementor-element-2641e30\" data-id=\"2641e30\" data-element_type=\"column\">\n\t\t\t<div class=\"elementor-widget-wrap elementor-element-populated\">\n\t\t\t\t\t\t<div class=\"elementor-element elementor-element-bfe1615 elementor-widget elementor-widget-globefarer_core_section_title\" data-id=\"bfe1615\" data-element_type=\"widget\" data-widget_type=\"globefarer_core_section_title.default\">\n\t\t\t\t<div class=\"elementor-widget-container\">\n\t\t\t\t\t<div class=\"qodef-shortcode qodef-m  qodef-section-title qodef-alignment--left   qodef-appear-animation--no\">\n\t\t\t<h2 class=\"qodef-m-title\" >\n\t\t\t\t\tGet in Touch with Us\t\t\t<\/h2>\n\t\t<p class=\"qodef-m-text\" style=\"margin-top: 27px\">Please feel free to contact us with any questions or quote requests \u2013 our team is ready to assist you!<\/p>\n\t<\/div>\n\t\t\t\t<\/div>\n\t\t\t\t<\/div>\n\t\t\t\t<div class=\"elementor-element elementor-element-1618141 elementor-widget__width-initial elementor-widget-mobile__width-inherit elementor-widget elementor-widget-globefarer_core_contact_info\" data-id=\"1618141\" data-element_type=\"widget\" data-widget_type=\"globefarer_core_contact_info.default\">\n\t\t\t\t<div class=\"elementor-widget-container\">\n\t\t\t\t\t<div class=\"qodef-shortcode qodef-m  qodef-contact-info qodef-layout--type-2 \">\n\t\t<div class=\"qodef-m-phone\">\n\t\t\t<h6 class=\"qodef-m-phone-tagline\">\n\t\tCustomer Service\t<\/h6>\n\t\t<h2 class=\"qodef-m-phone-item\">\t<a itemprop=\"telephone\" href=\"tel:+3616881899\">\n\t\t+36 1 688 1899\t<\/a>\n\t<\/h2>\t<\/div>\n<div class=\"qodef-m-address-email\">\n\t\t\t<div class=\"qodef-m-address\">\n\t\t\t\t<h6 class=\"qodef-m-address-tagline\">\n\t\tOur Office\t<\/h6>\n\t<h5 class=\"qodef-m-address-item\">\t<a href=\"https:\/\/maps.app.goo.gl\/5R4kQTmGjmanLT7cA\" target=\"_blank\" rel=\"noopener\">Tomori Street 34.<br>1138 Budapest, Hungary<\/a>\t<\/h5>\t\t<\/div>\n\t\t\t\t<div class=\"qodef-m-email\">\n\t\t\t\t<h6 class=\"qodef-m-email-tagline\">\n\t\tWrite to Us\t<\/h6>\n\t<h5 class=\"qodef-m-email-item\">\t<a itemprop=\"email\" href=\"mailto:info@royalcargo.hu\">\n\t\tinfo@royalcargo.hu\t<\/a>\n\t<\/h5>\t\t<\/div>\n\t<\/div>\n<\/div>\n\t\t\t\t<\/div>\n\t\t\t\t<\/div>\n\t\t\t\t\t<\/div>\n\t\t<\/div>\n\t\t\t\t<div class=\"elementor-column elementor-col-50 elementor-top-column elementor-element elementor-element-0076b82\" data-id=\"0076b82\" data-element_type=\"column\">\n\t\t\t<div class=\"elementor-widget-wrap elementor-element-populated\">\n\t\t\t\t\t\t<div class=\"elementor-element elementor-element-dea6be7 elementor-widget elementor-widget-wp-widget-globefarer_core_contact_form_7\" data-id=\"dea6be7\" data-element_type=\"widget\" data-widget_type=\"wp-widget-globefarer_core_contact_form_7.default\">\n\t\t\t\t<div class=\"elementor-widget-container\">\n\t\t\t\t\t\t\t\t<div class=\"qodef-contact-form-7\">\n\t\t\t\t\n<div class=\"wpcf7 no-js\" id=\"wpcf7-f2429-o1\" lang=\"hu-HU\" dir=\"ltr\" data-wpcf7-id=\"2429\">\n<div class=\"screen-reader-response\"><p role=\"status\" aria-live=\"polite\" aria-atomic=\"true\"><\/p> <ul><\/ul><\/div>\n<form action=\"\/en\/wp-json\/wp\/v2\/pages\/8916#wpcf7-f2429-o1\" method=\"post\" class=\"wpcf7-form init\" aria-label=\"Kapcsolatfelv\u00e9teli \u0171rlap\" novalidate=\"novalidate\" data-status=\"init\">\n<div style=\"display: none;\">\n<input type=\"hidden\" name=\"_wpcf7\" value=\"2429\" \/>\n<input type=\"hidden\" name=\"_wpcf7_version\" value=\"6.0.5\" \/>\n<input type=\"hidden\" name=\"_wpcf7_locale\" value=\"hu_HU\" \/>\n<input type=\"hidden\" name=\"_wpcf7_unit_tag\" value=\"wpcf7-f2429-o1\" \/>\n<input type=\"hidden\" name=\"_wpcf7_container_post\" value=\"0\" \/>\n<input type=\"hidden\" name=\"_wpcf7_posted_data_hash\" value=\"\" \/>\n<\/div>\n<div class=\"qodef-m-input\">\n<div class=\"qodef-m-input-holder\"><label><span class=\"qodef-m-input-label\">Neve<\/span><span class=\"wpcf7-form-control-wrap\" data-name=\"name\"><input size=\"40\" maxlength=\"400\" class=\"wpcf7-form-control wpcf7-text wpcf7-validates-as-required\" aria-required=\"true\" aria-invalid=\"false\" value=\"\" type=\"text\" name=\"name\" \/><\/span><\/label><\/div>\n<div class=\"qodef-m-input-holder\"><label><span class=\"qodef-m-input-label\">E-mail c\u00edme<\/span><span class=\"wpcf7-form-control-wrap\" data-name=\"email\"><input size=\"40\" maxlength=\"400\" class=\"wpcf7-form-control wpcf7-text wpcf7-validates-as-required\" aria-required=\"true\" aria-invalid=\"false\" value=\"\" type=\"text\" name=\"email\" \/><\/span><\/label><\/div>\n<div class=\"qodef-m-input-holder\"><label><span class=\"qodef-m-input-label\">\u00dczenet<\/span><span class=\"wpcf7-form-control-wrap\" data-name=\"message\"><textarea cols=\"40\" rows=\"5\" maxlength=\"2000\" class=\"wpcf7-form-control wpcf7-textarea wpcf7-validates-as-required\" aria-required=\"true\" aria-invalid=\"false\" name=\"message\"><\/textarea><\/span><\/label><\/div>\n<div class=\"qodef-m-input-buttons\">\n<button class=\"wpcf7-form-control wpcf7-submit qodef-button qodef-size--normal qodef-layout--filled qodef-m\" type=\"submit\"><span class=\"qodef-m-button-icon\"><svg class=\"qodef-svg--plus\" xmlns=\"http:\/\/www.w3.org\/2000\/svg\" xmlns:xlink=\"http:\/\/www.w3.org\/1999\/xlink\" width=\"14\" height=\"14\" viewBox=\"0 0 14 14\"><path class=\"qodef-m-horizontal\" d=\"M0,0H14V2H0Z\" transform=\"translate(0 6)\" \/><path class=\"qodef-m-vertical\" d=\"M0,0H2V14H0Z\" transform=\"translate(6)\" \/><\/svg><\/span><span class=\"qodef-m-button-text\">Elk\u00fcld\u00f6m<\/span><\/button><\/div>\n<\/div><div class=\"wpcf7-response-output\" aria-hidden=\"true\"><\/div>\n<\/form>\n<\/div>\n\t\t\t<\/div>\n\t\t\t\t\t\t\t<\/div>\n\t\t\t\t<\/div>\n\t\t\t\t\t<\/div>\n\t\t<\/div>\n\t\t\t\t\t<\/div>\n\t\t<\/section>\n\t\t\t\t<\/div>\n\t\t","protected":false},"excerpt":{"rendered":"<p>Vesz\u00e9lyes hullad\u00e9k sz\u00e1ll\u00edt\u00e1s szak\u00e9rt\u0151i h\u00e1tt\u00e9rrel Licensed solutions for industrial, medical, and other hazardous materials. Royal Cargo carries out hazardous waste transport with full authorization. We work with special vehicles in compliance with strict regulations. We support our clients in preparing the necessary documentation and packaging. 24\/7 Customer Service Track your shipment \u2013 enter your tracking [&hellip;]<\/p>\n","protected":false},"author":1,"featured_media":0,"parent":9367,"menu_order":0,"comment_status":"closed","ping_status":"closed","template":"","meta":{"footnotes":""},"class_list":["post-8916","page","type-page","status-publish","hentry"],"_links":{"self":[{"href":"https:\/\/royalcargo.csakacel.hu\/en\/wp-json\/wp\/v2\/pages\/8916","targetHints":{"allow":["GET"]}}],"collection":[{"href":"https:\/\/royalcargo.csakacel.hu\/en\/wp-json\/wp\/v2\/pages"}],"about":[{"href":"https:\/\/royalcargo.csakacel.hu\/en\/wp-json\/wp\/v2\/types\/page"}],"author":[{"embeddable":true,"href":"https:\/\/royalcargo.csakacel.hu\/en\/wp-json\/wp\/v2\/users\/1"}],"replies":[{"embeddable":true,"href":"https:\/\/royalcargo.csakacel.hu\/en\/wp-json\/wp\/v2\/comments?post=8916"}],"version-history":[{"count":3,"href":"https:\/\/royalcargo.csakacel.hu\/en\/wp-json\/wp\/v2\/pages\/8916\/revisions"}],"predecessor-version":[{"id":9160,"href":"https:\/\/royalcargo.csakacel.hu\/en\/wp-json\/wp\/v2\/pages\/8916\/revisions\/9160"}],"up":[{"embeddable":true,"href":"https:\/\/royalcargo.csakacel.hu\/en\/wp-json\/wp\/v2\/pages\/9367"}],"wp:attachment":[{"href":"https:\/\/royalcargo.csakacel.hu\/en\/wp-json\/wp\/v2\/media?parent=8916"}],"curies":[{"name":"wp","href":"https:\/\/api.w.org\/{rel}","templated":true}]}}